{"id":3542,"date":"2019-11-06T23:44:20","date_gmt":"2019-11-06T22:44:20","guid":{"rendered":"https:\/\/www.nauticocobres.es\/?page_id=3542"},"modified":"2020-02-07T17:07:54","modified_gmt":"2020-02-07T16:07:54","slug":"aviso-legal","status":"publish","type":"page","link":"https:\/\/www.nauticocobres.es\/?page_id=3542","title":{"rendered":"Aviso legal"},"content":{"rendered":"\n<p><strong>Aviso legal e termos de uso<\/strong><\/p>\n\n\n\n<p>Neste\nespazo, o USUARIO, poder\u00e1 atopar toda a informaci\u00f3n relativa aos termos e\ncondici\u00f3ns legais que definen as relaci\u00f3ns entre os usuarios e n\u00f3s como\nresponsables desta web. Como usuario, \u00e9 importante que co\u00f1ezas estes termos\nantes de continuar a t\u00faa navegaci\u00f3n. Club N\u00e1utico Cobres. Como responsable\ndesta web, asume o compromiso de procesar a informaci\u00f3n dos nosos usuarios e\nclientes con plenas garant\u00edas e cumprir cos requisitos nacionais e europeos que\nregulan a recompilaci\u00f3n e uso dos datos persoais dos nosos usuarios. Esta web,\npor tanto, cumpre rigorosamente co RGPD (REGULAMENTO (UE) 2016\/679 de\nprotecci\u00f3n de datos) e a LSSI-CE a Lei 34\/2002, do 11 de xullo, de servizos da\nsociedade da informaci\u00f3n e de comercio electr\u00f3nico.<\/p>\n\n\n\n<p><strong>CONDICI\u00d3NS XERAIS DE USO<\/strong><\/p>\n\n\n\n<p>As presentes\nCondici\u00f3ns Xerais regulan o uso (inclu\u00edndo o mero acceso) das p\u00e1xinas da web,\nintegrantes do sitio web de https:\/\/www.nauticocobres.es inclu\u00eddos os contidos\ne servizos postos a disposici\u00f3n nelas. Toda persoa que acceda \u00e1 web, https:\/\/www.nauticocobres.es\n(\u201cUsuario\u201d) acepta someterse \u00e1s Condici\u00f3ns Xerais vixentes en cada momento do\nportal https:\/\/www.nauticocobres.es.<\/p>\n\n\n\n<p><strong>DATOS PERSOAIS QUE SOLICITAMOS E COMO O FACEMOS<\/strong><\/p>\n\n\n\n<p>Ler\u00a0<a href=\"https:\/\/www.nauticocobres.es\/politica-de-privacidad\/\">Pol\u00edtica de Privacidade<\/a><\/p>\n\n\n\n<p><strong>COMPROMISOS E OBRIGACI\u00d3NS DOS USUARIOS<\/strong><\/p>\n\n\n\n<p>O Usuario\nqueda informado, e acepta, que o acceso \u00e1 presente web non sup\u00f3n, de ning\u00fan\nxeito, o inicio dunha relaci\u00f3n comercial con https:\/\/www.nauticocobres.es.\nDesta forma, o usuario comprom\u00e9tese a utilizar o sitio web, os seus servizos e\ncontidos sen contravir a lexislaci\u00f3n vixente, a boa fe e a orde p\u00fablica.<br>\nQueda prohibido o uso da web, con fins il\u00edcitos ou lesivos, ou que, de calquera\nforma, poidan causar prexu\u00edzo ou impedir o normal funcionamento do sitio web.\nRespecto dos contidos desta web, proh\u00edbese: A s\u00faa reproduci\u00f3n, distribuci\u00f3n ou\nmodificaci\u00f3n, total ou parcial, a menos que se conte coa autorizaci\u00f3n dos seus\nlex\u00edtimos titulares;Calquera vulneraci\u00f3n dos dereitos do prestador ou dos\nlex\u00edtimos titulares; A s\u00faa utilizaci\u00f3n para fins comerciais ou publicitarios.<\/p>\n\n\n\n<p>Na\nutilizaci\u00f3n da web, https:\/\/www.nauticocobres.es, o Usuario comprom\u00e9tese a non\nlevar a cabo ningunha conduta que puidese danar a imaxe, os intereses e os\ndereitos de https:\/\/www.nauticocobres.es ou de terceiros ou que puidese danar,\ninutilizar ou sobrecargar o portal (indicar dominio) ou que impedise, de\ncalquera forma, a normal utilizaci\u00f3n da web. Con todo, o Usuario debe ser\nconsciente de que as medidas de seguridade dos sistemas inform\u00e1ticos na\ninternet non son enteiramente fiables e que, por tanto https:\/\/www.nauticocobres.es\nnon pode garantir a inexistencia de virus ou outros elementos que poidan\nproducir alteraci\u00f3ns nos sistemas inform\u00e1ticos (software e hardware) do Usuario\nou nos seus documentos electr\u00f3nicos e ficheiros contidos nos mesmos.<\/p>\n\n\n\n<p><strong>MEDIDAS DE SEGURIDADE<\/strong><\/p>\n\n\n\n<p>Os datos\npersoais comunicados polo usuario a https:\/\/www.nauticocobres.es poden ser\nalmacenados en bases de datos automatizadas ou non, cuxa titularidade\ncorresponde en exclusiva a https:\/\/www.nauticocobres.es, asumindo esta todas as\nmedidas de \u00edndole t\u00e9cnica, organizativa e de seguridade que garanten a\nconfidencialidade, integridade e calidade da informaci\u00f3n contida nas mesmas de\nacordo co establecido na normativa vixente en protecci\u00f3n de datos.<br>\nA comunicaci\u00f3n entre os usuarios e https:\/\/www.nauticocobres.es utiliza unha\ncanle segura, e os datos transmitidos son cifrados grazas a protocolos a https,\npor tanto, garantimos as mellores condici\u00f3ns de seguridade para que a\nconfidencialidade dos usuarios estea garantida.<\/p>\n\n\n\n<p><strong>RECLAMACIONS<\/strong><\/p>\n\n\n\n<p>https:\/\/www.nauticocobres.es\ninforma que existen follas de reclamaci\u00f3n ao dispor de usuarios e clientes. O\nUsuario poder\u00e1 realizar reclamaci\u00f3ns solicitando a s\u00faa folla de reclamaci\u00f3n ou\nremitindo un correo electr\u00f3nico a <a href=\"mailto:adicamadicam@gmail.com\">cncobres@gmail.com<\/a>&nbsp;indicando o seu nome e\napelidos, o servizo e\/ou produto adquirido e expo\u00f1endo os motivos da s\u00faa\nreclamaci\u00f3n.<br>\n<br>\nO usuario\/comprador poder\u00e1 notificarnos a reclamaci\u00f3n, ben a trav\u00e9s de correo\nelectr\u00f3nico a:&nbsp;<a href=\"mailto:adicamadicam@gmail.com\">cncobres@gmail.com<\/a>, se o desexa achegando o\nseguinte formulario de reclamaci\u00f3n: O servizo\/produto: Adquirido o d\u00eda: Nome do\nusuario: Domicilio do usuario: Firma do usuario (s\u00f3 se se presenta en papel):\nData: Motivo da reclamaci\u00f3n:<\/p>\n\n\n\n<p><strong>PLATAFORMA DE RESOLUCI\u00d3N DE CONFLITOS<\/strong><\/p>\n\n\n\n<p>Por se pode\nser do teu interese, para someter as t\u00faas reclamaci\u00f3ns podes utilizar tam\u00e9n a\nplataforma de resoluci\u00f3n de litixios que facilita a Comisi\u00f3n Europea e que se\natopa dispo\u00f1ible na seguinte ligaz\u00f3n:&nbsp;<a href=\"http:\/\/ec.europa.eu\/consumers\/odr\/\">http:\/\/ec.europa.eu\/consumers\/odr\/<\/a><\/p>\n\n\n\n<p><strong>DEREITOS DE PROPIEDADE INTELECTUAL E INDUSTRIAL<\/strong><\/p>\n\n\n\n<p>En virtude\ndo disposto nos artigos 8 e 32.1, par\u00e1grafo segundo, da Lei de Propiedade\nIntelectual, quedan expresamente prohibidas a reproduci\u00f3n, a distribuci\u00f3n e a\ncomunicaci\u00f3n p\u00fablica, inclu\u00edda a s\u00faa modalidade de posta a disposici\u00f3n, da\ntotalidade ou parte dos contidos desta p\u00e1xina web, con fins comerciais, en\ncalquera soporte e por calquera medio t\u00e9cnico, sen a autorizaci\u00f3n de https:\/\/www.nauticocobres.es.\nO usuario comprom\u00e9tese a respectar os dereitos de Propiedade Intelectual e\nIndustrial titularidade de https:\/\/www.nauticocobres.es.<br>\nO usuario co\u00f1ece e acepta que a totalidade do sitio web, contendo sen car\u00e1cter\nexhaustivo o texto, software, contidos (inclu\u00edndo estrutura, selecci\u00f3n, ordenaci\u00f3n\ne presentaci\u00f3n dos mesmos) podcast, fotograf\u00edas, material audiovisual e\ngr\u00e1ficos, est\u00e1 protexida por marcas, dereitos de autor e outros dereitos\nlex\u00edtimos, de acordo cos tratados internacionais nos que Espa\u00f1a \u00e9 parte e\noutros dereitos de propiedade e leis de Espa\u00f1a. No caso de que un usuario ou un\nterceiro consideren que se produciu unha violaci\u00f3n dos seus lex\u00edtimos dereitos\nde propiedade intelectual pola introduci\u00f3n dun determinado contido na web,\ndeber\u00e1 notificar dita circunstancia a https:\/\/www.nauticocobres.es indicando:<\/p>\n\n\n\n<ul class=\"wp-block-list\"><li>Datos persoais do interesado\n     titular dos dereitos presuntamente infrinxidos, ou indicar a\n     representaci\u00f3n coa que act\u00faa no caso de que a reclamaci\u00f3n a presente un\n     terceiro distinto do interesado.<\/li><li>Sinalar os contidos protexidos\n     polos dereitos de propiedade intelectual e a s\u00faa localizaci\u00f3n na web, a\n     acreditaci\u00f3n dos dereitos de propiedade intelectual sinalados e\n     declaraci\u00f3n expresa na que o interesado responsabil\u00edzase da veracidade das\n     informaci\u00f3ns facilitadas na notificaci\u00f3n.<\/li><\/ul>\n\n\n\n<p><strong>LIGAZ\u00d3NS EXTERNAS<\/strong><\/p>\n\n\n\n<p>As p\u00e1xinas\nda web https:\/\/www.nauticocobres.es, poder\u00eda proporcionar ligaz\u00f3ns a outros\nsitios web propios e contidos que son propiedade de terceiros. O \u00fanico obxecto\ndas ligaz\u00f3ns \u00e9 proporcionar ao Usuario a posibilidade de acceder \u00e1s devanditos\nligaz\u00f3ns. https:\/\/www.nauticocobres.es non se responsabiliza en ning\u00fan caso dos\nresultados que poidan derivarse ao Usuario por acceso \u00e1s devanditos ligaz\u00f3ns.<br>\nAs\u00ed mesmo, o usuario atopar\u00e1 dentro deste sitio, p\u00e1xinas, promoci\u00f3ns, programas\nde afiliados que acceden aos h\u00e1bitos de navegaci\u00f3n dos usuarios para establecer\nperf\u00eds. Esta informaci\u00f3n sempre \u00e9 an\u00f3nima e non se identifica ao usuario.<\/p>\n\n\n\n<p>A\nInformaci\u00f3n que se proporcione nestes Sitios patrocinado ou ligaz\u00f3ns de\nafiliados est\u00e1 suxeita \u00e1s pol\u00edticas de privacidade que se utilicen nos\ndevanditos Sitios e non estar\u00e1 suxeita a esta pol\u00edtica de privacidade. Polo que\nrecomendamos amplamente aos Usuarios para revisar detalladamente as pol\u00edticas\nde privacidade das ligaz\u00f3ns de afiliado.<br>\nO Usuario que se propo\u00f1a establecer calquera dispositivo t\u00e9cnico de ligaz\u00f3n\ndesde o seu sitio web ao portal deber\u00e1 obter a autorizaci\u00f3n previa e escrita de\nhttps:\/\/www.nauticocobres.es. O establecemento da ligaz\u00f3n non implica en ning\u00fan\ncaso a existencia de relaci\u00f3ns entre https:\/\/www.nauticocobres.es e o\npropietario do sitio no que se estableza a ligaz\u00f3n, nin a aceptaci\u00f3n ou\naprobaci\u00f3n por parte de https:\/\/www.nauticocobres.es dos seus contidos ou\nservizos.<\/p>\n\n\n\n<p><strong>POL\u00cdTICA DE COMENTARIOS<\/strong><\/p>\n\n\n\n<p>Na nosa web\ne perm\u00edtense realizar comentarios para enriquecer os contidos e realizar\nconsultas. Non se admitir\u00e1n comentarios que non estean relacionados coa\ntem\u00e1tica desta web, que incl\u00faan difamaci\u00f3ns, agravios, insultos, ataques\npersoais ou faltas de respecto en xeral cara ao autor ou cara a outros membros.\nTam\u00e9n ser\u00e1n suprimidos os comentarios que conte\u00f1an informaci\u00f3n que sexa\nobviamente enganosa ou falsa, as\u00ed como os comentarios que conte\u00f1an informaci\u00f3n\npersoal, como, por exemplo, domicilios privado ou tel\u00e9fonos e que vulneren a\nnosa pol\u00edtica de protecci\u00f3n de datos.<br>\nDesestimarase, igualmente, aqueles comentarios creados s\u00f3 con fins promocionais\ndunha web, persoa ou colectivo e todo o que poida ser considerado spam en\nxeral.<br>\nNon se permiten comentarios an\u00f3nimos, as\u00ed como aqueles realizados por unha\nmesma persoa con distintos alcumes. Non se considerar\u00e1n tampouco aqueles\ncomentarios que tenten forzar un debate ou unha toma de postura por outro\nusuario.<\/p>\n\n\n\n<p><strong>EXCLUSI\u00d3N DE GARANT\u00cdAS E RESPONSABILIDADE<\/strong><\/p>\n\n\n\n<p>O Prestador\nnon outorga ningunha garant\u00eda nin se fai responsable, en ning\u00fan caso, dos danos\ne prexu\u00edzos de calquera natureza que puidesen traer causa de:<\/p>\n\n\n\n<ul class=\"wp-block-list\"><li>A falta de dispo\u00f1ibilidade,\n     mantemento e efectivo funcionamento da web, ou dos seus servizos e\n     contidos.<\/li><li>A existencia de virus,\n     programas maliciosos ou lesivos nos contidos.<\/li><li>O uso il\u00edcito, neglixente,\n     fraudulento ou contrario a este Aviso Legal.<\/li><li>A falta de licitud, calidade,\n     fiabilidade, utilidade e dispo\u00f1ibilidade dos servizos prestados por\n     terceiros e postos ao dispor dos usuarios no sitio web.<\/li><li>O prestador non se fai responsable\n     baixo ning\u00fan concepto dos danos que puidesen dimanar do uso ilegal ou\n     indebido da presente p\u00e1xina web.<\/li><\/ul>\n\n\n\n<p><strong>LEI APLICABLE E XURISDICI\u00d3N<\/strong><\/p>\n\n\n\n<p>Con car\u00e1cter\nxeral as relaci\u00f3ns entre https:\/\/www.nauticocobres.es cos Usuarios dos seus\nservizos telem\u00e1ticos, presentes nesta web at\u00f3panse sometidas \u00e1 lexislaci\u00f3n e\nxurisdici\u00f3n espa\u00f1olas e aos tribunais.<\/p>\n\n\n\n<p><strong>CONTACTO<\/strong><\/p>\n\n\n\n<p>No caso de\nque calquera Usuario tivese algunha d\u00fabida acerca destas Condici\u00f3ns legais ou\ncalquera comentario sobre o portal https:\/\/www.nauticocobres.es, por favor\ndir\u00edxase a&nbsp;<a href=\"mailto:adicamadicam@gmail.com\">cncobres@gmail.com<\/a><\/p>\n\n\n\n<p>De parte do\nequipo que formamos Club N\u00e1utico Cobres agradec\u00e9mosche o tempo dedicado en ler\neste Aviso Legal.<\/p>\n","protected":false},"excerpt":{"rendered":"<p>Aviso legal e termos de uso Neste espazo, o USUARIO, poder\u00e1 atopar toda a informaci\u00f3n relativa aos termos e condici\u00f3ns legais que definen as relaci\u00f3ns entre os usuarios e n\u00f3s como responsables desta web. Como usuario, \u00e9 importante que co\u00f1ezas estes termos antes de continuar a t\u00faa navegaci\u00f3n. Club N\u00e1utico Cobres. Como responsable desta web, [&hellip;]<\/p>\n","protected":false},"author":1,"featured_media":0,"parent":0,"menu_order":0,"comment_status":"closed","ping_status":"closed","template":"","meta":{"footnotes":""},"class_list":["post-3542","page","type-page","status-publish","hentry"],"featured_image_src":null,"featured_image_src_square":null,"_links":{"self":[{"href":"https:\/\/www.nauticocobres.es\/index.php?rest_route=\/wp\/v2\/pages\/3542","targetHints":{"allow":["GET"]}}],"collection":[{"href":"https:\/\/www.nauticocobres.es\/index.php?rest_route=\/wp\/v2\/pages"}],"about":[{"href":"https:\/\/www.nauticocobres.es\/index.php?rest_route=\/wp\/v2\/types\/page"}],"author":[{"embeddable":true,"href":"https:\/\/www.nauticocobres.es\/index.php?rest_route=\/wp\/v2\/users\/1"}],"replies":[{"embeddable":true,"href":"https:\/\/www.nauticocobres.es\/index.php?rest_route=%2Fwp%2Fv2%2Fcomments&post=3542"}],"version-history":[{"count":1,"href":"https:\/\/www.nauticocobres.es\/index.php?rest_route=\/wp\/v2\/pages\/3542\/revisions"}],"predecessor-version":[{"id":3547,"href":"https:\/\/www.nauticocobres.es\/index.php?rest_route=\/wp\/v2\/pages\/3542\/revisions\/3547"}],"wp:attachment":[{"href":"https:\/\/www.nauticocobres.es\/index.php?rest_route=%2Fwp%2Fv2%2Fmedia&parent=3542"}],"curies":[{"name":"wp","href":"https:\/\/api.w.org\/{rel}","templated":true}]}}