{"id":3543,"date":"2019-11-06T23:32:32","date_gmt":"2019-11-06T22:32:32","guid":{"rendered":"https:\/\/www.nauticocobres.es\/?page_id=3543"},"modified":"2020-02-07T17:08:27","modified_gmt":"2020-02-07T16:08:27","slug":"cookies","status":"publish","type":"page","link":"https:\/\/www.nauticocobres.es\/?page_id=3543","title":{"rendered":"Cookies"},"content":{"rendered":"\n<p>Nesta web util\u00edzanse cookies de terceiros e propias para conseguir que\nte\u00f1as unha mellor experiencia de navegaci\u00f3n, poidas compartir contido en redes\nsociais e para que podamos obter estat\u00edsticas dos usuarios.<br>\n<br>\nPodes evitar a descarga de cookies a trav\u00e9s da configuraci\u00f3n do teu navegador,\nevitando que as cookies almac\u00e9nense no seu dispositivo.<br>\n<br>\nComo propietario deste sitio web, comun\u00edcoche que non utilizamos ningunha\ninformaci\u00f3n persoal procedente de cookies, tan s\u00f3 realizamos estat\u00edsticas\nxerais de visitas que non supo\u00f1en ningunha informaci\u00f3n persoal.<br>\n<br>\n\u00c9 moi importante que leas a presente pol\u00edtica de cookies e comprendas que, se\ncontin\u00faas navegando, consideraremos que aceptas o seu uso.<br>\n<br>\nSegundo os termos inclu\u00eddos no artigo 22.2 da Lei 34\/2002 de Servizos da\nSociedade da Informaci\u00f3n e Comercio Electr\u00f3nico, se contin\u00faas navegando,\nestar\u00e1s a prestar o teu consentimento para o emprego dos referidos mecanismos.<\/p>\n\n\n\n<p>ENTIDADE\nRESPONSABLE<\/p>\n\n\n\n<p>A entidade responsable da recollida, procesamento e utilizaci\u00f3n dos teus\ndatos persoais, no sentido establecido pola Lei de Protecci\u00f3n de Datos Persoais\n\u00e9 a p\u00e1xina https:\/\/www.nauticocobres.es, propiedade de Club N\u00e1utico Cobres \u2013 Puerto\nde Santa Cristina de Cobres- 36142 &#8211; Vilaboa &#8211; Pontevedra.<\/p>\n\n\n\n<p>QU\u00c9 SON AS\nCOOKIES?<\/p>\n\n\n\n<p>As cookies son un conxunto de datos que un servidor deposita no navegador\ndo usuario para recoller a informaci\u00f3n de rexistro est\u00e1ndar da internet e a\ninformaci\u00f3n do comportamento dos visitantes nun sitio web. \u00c9 dicir, tr\u00e1tase de\npequenos arquivos de texto que quedan almacenados no disco duro do computador e\nque serven para identificar o usuario cando se conecta novamente ao sitio web.\nO seu obxectivo \u00e9 rexistrar a visita do usuario e gardar certa informaci\u00f3n. O\nseu uso \u00e9 com\u00fan e frecuente na web xa que permite \u00e1s p\u00e1xinas funcionar de\nmaneira m\u00e1is eficiente e conseguir unha maior personalizaci\u00f3n e an\u00e1lise sobre o\ncomportamento do usuario.<\/p>\n\n\n\n<p>QU\u00c9 TIPOS DE\nCOOKIES EXISTEN?<\/p>\n\n\n\n<p>As cookies utilizadas no noso sitio web, son de sesi\u00f3n e de terceiros, e\nperm\u00edtennos almacenar e acceder a informaci\u00f3n relativa ao idioma, o tipo de\nnavegador utilizado, e outras caracter\u00edsticas xerais predefinidas polo usuario,\nas\u00ed como, seguir e analizar a actividade que leva a cabo, co obxecto de\nintroducir melloras e prestar os nosos servizos dunha maneira m\u00e1is eficiente e\npersonalizada.<\/p>\n\n\n\n<p>As cookies, en funci\u00f3n da s\u00faa permanencia, poden dividirse en cookies de\nsesi\u00f3n ou permanentes. As que expiran cando o usuario pecha o navegador. As que\nexpiran en funci\u00f3n de cando se cumpra o obxectivo para o que serven (por\nexemplo, para que o usuario mant\u00e9\u00f1ase identificado nos servizos de Club N\u00e1utico\nCobres) ou ben cando se borran manualmente.<\/p>\n\n\n\n<table class=\"wp-block-table\"><tbody><tr><td>\n  Nome\n  <\/td><td>\n  Tipo\n  <\/td><td>\n  Caducidade\n  <\/td><td>\n  Finalidade\n  <\/td><td>\n  Clase\n  <\/td><\/tr><tr><td>\n  __utma\n  <\/td><td>\n  De Terceiros (Google Analytics)\n  <\/td><td>\n  2 anos\n  <\/td><td>\n  \u00dasase para distinguir usuarios e sesi\u00f3ns.\n  <\/td><td>\n  Non Exenta\n  <\/td><\/tr><tr><td>\n  __utmb\n  <\/td><td>\n  De Terceiros (Google Analytics)\n  <\/td><td>\n  30 minutos\n  <\/td><td>\n  \u00dasase para determinar novas sesi\u00f3ns ou visitas\n  <\/td><td>\n  Non Exenta\n  <\/td><\/tr><tr><td>\n  __utmc\n  <\/td><td>\n  De Terceiros (Google Analytics)\n  <\/td><td>\n  Ao finalizar a sesi\u00f3n\n  <\/td><td>\n  Configurase para seu uso con Urchin\n  <\/td><td>\n  Non Exenta\n  <\/td><\/tr><tr><td>\n  __utmz\n  <\/td><td>\n  De Terceiros (Google Analytics)\n  <\/td><td>\n  6 meses\n  <\/td><td>\n  Almacena a orixe ou a campa\u00f1a que explica como o usuario chegou ata a\n  p\u00e1xina web\n  <\/td><td>\n  Non Exenta\n  <\/td><\/tr><\/tbody><\/table>\n\n\n\n<p>Adicionalmente, en funci\u00f3n do seu obxectivo, as cookies poden clasificarse\nda seguinte forma:<\/p>\n\n\n\n<p>COOKIES DE\nRENDEMENTO<\/p>\n\n\n\n<p>Este tipo de Cookie lembra as s\u00faas preferencias para as ferramentas que se\natopan nos servizos, polo que non ten que volver configurar o servizo cada vez\nque vostede visita. A modo de exemplo, nesta tipolox\u00eda incl\u00faense: Axustes de\nvolume de reprodutores de v\u00eddeo ou son. As velocidades de transmisi\u00f3n de v\u00eddeo\nque sexan compatibles co seu navegador. Os obxectos gardados no \u201ccarri\u00f1o da\ncompra\u201d nos servizos de e- commerce tales como tendas.<\/p>\n\n\n\n<p>COOKIES DE\nXEO-LOCALIZACI\u00d3N<\/p>\n\n\n\n<p>Estas cookies son utilizadas para pescudar en que pa\u00eds at\u00f3pase cando se\nsolicita un servizo. Esta cookie \u00e9 totalmente an\u00f3nima, e s\u00f3 se utiliza para\naxudar a orientar o contido \u00e1 s\u00faa localizaci\u00f3n.<\/p>\n\n\n\n<p>COOKIES DE\nREXISTRO<\/p>\n\n\n\n<p>As cookies de rexistro x\u00e9ranse unha vez que o usuario se ha rexistrado ou\nposteriormente abriu a s\u00faa sesi\u00f3n, e util\u00edzanse para identificarlle nos\nservizos cos seguintes obxectivos:<\/p>\n\n\n\n<p>Manter ao usuario identificado de forma que, se pecha un servizo, o\nnavegador ou o computador e noutro momento ou outro d\u00eda volve entrar no\ndevandito servizo, seguir\u00e1 identificado, facilitando as\u00ed a s\u00faa navegaci\u00f3n sen\nter que volver identificarse. Esta funcionalidade p\u00f3dese suprimir se o usuario\npulsa a funcionalidade [pechar sesi\u00f3n], de forma que esta cookie elim\u00ednase e a\npr\u00f3xima vez que entre no servizo o usuario ter\u00e1 que iniciar sesi\u00f3n para estar\nidentificado.<\/p>\n\n\n\n<p>Comprobar se o usuario est\u00e1 autorizado para acceder a certos servizos, por\nexemplo, para participar nun concurso.<\/p>\n\n\n\n<p>Adicionalmente, alg\u00fans servizos poden utilizar conectores con redes sociais\ntales como Facebook ou Twitter. Cando o usuario rex\u00edstrase nun servizo con\ncredenciais dunha rede social, autoriza \u00e1 rede social a gardar unha Cookie persistente\nque lembra a s\u00faa identidade e gar\u00e1ntelle acceso aos servizos ata que expira. O\nusuario pode borrar esta Cookie e revogar o acceso aos servizos mediante redes\nsociais actualizando as s\u00faas preferencias na rede social que espec\u00edfica.<\/p>\n\n\n\n<p>COOKIES DE ANAL\u00cdTICAS<\/p>\n\n\n\n<p>Cada vez que un usuario visita un servizo, unha ferramenta dun provedor\nexterno xera unha cookie anal\u00edtica no computador do usuario. Esta cookie que s\u00f3\nse xera na visita, servir\u00e1 en pr\u00f3ximas visitas aos servizos de Club N\u00e1utico\nCobres para identificar de forma an\u00f3nima ao visitante. Os obxectivos principais\nque se perseguen son:<\/p>\n\n\n\n<p>Permitir a identificaci\u00f3n an\u00f3nima dos usuarios navegantes a trav\u00e9s da\ncookie (identifica navegadores e dispositivos, non persoas) e por tanto a\ncontabilizaci\u00f3n aproximada do n\u00famero de visitantes e a s\u00faa tendencia no tempo.<br>\nIdentificar de forma an\u00f3nima os contidos m\u00e1is visitados e por tanto m\u00e1is\natractivos para os usuarios Saber se o usuario que est\u00e1 a acceder \u00e9 novo ou\nrepite visita.<\/p>\n\n\n\n<p>Importante: Salvo que o usuario decida rexistrarse nun servizo de Club\nN\u00e1utico Cobres, a cookie nunca ir\u00e1 asociada a ning\u00fan dato de car\u00e1cter persoal\nque poida identificarlle. @Dicha cookies s\u00f3 ser\u00e1n utilizadas con prop\u00f3sitos estat\u00edsticos\nque axuden \u00e1 optimizaci\u00f3n da experiencia dos usuarios no sitio.<\/p>\n\n\n\n<p>COOKIES DE\nPUBLICIDADE<\/p>\n\n\n\n<p>Este tipo de cookies permiten ampliar a informaci\u00f3n dos anuncios mostrados\na cada usuario an\u00f3nimo nos servizos de Club N\u00e1utico Cobres. Entre outros,\nalmac\u00e9nase a duraci\u00f3n ou frecuencia de visualizaci\u00f3n de posici\u00f3ns\npublicitarias, a interacci\u00f3n coas mesmas, ou os patr\u00f3ns de navegaci\u00f3n e\/ou\ncomportamentos do usuario xa que axudan a conformar un perfil de interese\npublicitario. Deste xeito, permiten ofrecer publicidade af\u00edn aos intereses do\nusuario.<\/p>\n\n\n\n<p>COOKIES\nPUBLICITARIAS DE TERCEIROS<\/p>\n\n\n\n<p>Ademais da publicidade xestionada polas webs de Club N\u00e1utico Cobres nos\nseus servizos, as webs de Club N\u00e1utico Cobres ofrecen aos seus anunciantes a\nopci\u00f3n de servir anuncios a trav\u00e9s de terceiros (\u201c Ad- Servers\u201d). Deste xeito,\nestes terceiros poden almacenar cookies enviadas desde os servizos de Club\nN\u00e1utico Cobres procedentes dos navegadores dos usuarios, as\u00ed como acceder aos\ndatos que nelas g\u00e1rdanse.<\/p>\n\n\n\n<p>As empresas que xeran estas cookies te\u00f1en as s\u00faas propias pol\u00edticas de\nprivacidade. Na actualidade, as webs de Club N\u00e1utico Cobres utilizan a\nplataforma Doubleclick (Google) para xestionar estes servizos. Para m\u00e1is informaci\u00f3n,\nacuda a<\/p>\n\n\n\n<p><a href=\"http:\/\/www.google.es\/policies\/privacy\/ads\/#toc-doubleclick\">http:\/\/www.google.es\/policies\/privacy\/ads\/#toc-doubleclick<\/a>&nbsp;y\na&nbsp;<a href=\"http:\/\/www.google.es\/policies\/privacy\/ads\/\">http:\/\/www.google.es\/policies\/privacy\/ads\/<\/a>.<\/p>\n\n\n\n<p>COMO PODO\nDESHABILITAR AS COOKIES NO MEU NAVEGADOR?<\/p>\n\n\n\n<p>P\u00f3dense configurar os diferentes navegadores para avisar ao usuario da\nrecepci\u00f3n de cookies e, se se desexa, impedir a s\u00faa instalaci\u00f3n no equipo. As\u00ed\nmesmo, o usuario pode revisar no seu navegador que cookies ten instaladas e cal\n\u00e9 o prazo de caducidade das mesmas, podendo eliminalas.<\/p>\n\n\n\n<p>Para ampliar esta informaci\u00f3n consulte as instruci\u00f3ns e manuais do seu\nnavegador:<\/p>\n\n\n\n<p>Para m\u00e1is informaci\u00f3n sobre a administraci\u00f3n das cookies en Google\nChrome:&nbsp;<a href=\"https:\/\/support.google.com\/chrome\/answer\/95647?hl=es\">https:\/\/support.google.com\/chrome\/answer\/95647?hl=es<\/a><\/p>\n\n\n\n<p>Para m\u00e1is informaci\u00f3n sobre a administraci\u00f3n das cookies na internet\nExplorer:&nbsp;<a href=\"http:\/\/windows.microsoft.com\/es-es\/windows-vista\/cookies-frequently-asked-questions\">http:\/\/windows.microsoft.com\/es-es\/windows-vista\/cookies-frequently-asked-questions<\/a><\/p>\n\n\n\n<p>Para m\u00e1is informaci\u00f3n sobre a administraci\u00f3n das cookies en Mozilla\nFirefox:&nbsp;<a href=\"http:\/\/support.mozilla.org\/es\/kb\/habilitar-y-deshabilitar-cookies-que-los-sitios-we%20\">http:\/\/support.mozilla.org\/es\/kb\/habilitar-y-deshabilitar-cookies-que-los-sitios-we<\/a><\/p>\n\n\n\n<p>Para m\u00e1is informaci\u00f3n sobre a administraci\u00f3n das cookies en Safari:&nbsp;<a href=\"http:\/\/www.apple.com\/es\/privacy\/use-of-cookies\/%20\">http:\/\/www.apple.com\/es\/privacy\/use-of-cookies\/<\/a><\/p>\n\n\n\n<p>Para m\u00e1is informaci\u00f3n sobre a administraci\u00f3n das cookies en Opera:&nbsp;<a href=\"http:\/\/help.opera.com\/Windows\/11.50\/es-ES\/cookies.html\">http:\/\/help.opera.com\/Windows\/11.50\/es-ES\/cookies.html<\/a><\/p>\n\n\n\n<p>Se desexa deixar de ser seguido por Google Analytics visite:&nbsp;<a href=\"http:\/\/tools.google.com\/dlpage\/gaoptout\">http:\/\/tools.google.com\/dlpage\/gaoptout<\/a><\/p>\n\n\n\n<p>PARA SABER M\u00c1IS\nSOBRE AS COOKIES<\/p>\n\n\n\n<p>Pode obter m\u00e1is informaci\u00f3n sobre a publicidade online baseada no comportamento\ne a privacidade online na seguinte ligaz\u00f3n:<a href=\"http:\/\/www.youronlinechoices.com\/es\/\">http:\/\/www.youronlinechoices.com\/es\/<\/a><\/p>\n\n\n\n<p>Protecci\u00f3n de datos de Google Analytics:&nbsp;<a href=\"http:\/\/www.google.com\/analytics\/learn\/privacy.html\">http:\/\/www.google.com\/analytics\/learn\/privacy.html<\/a><\/p>\n\n\n\n<p>C\u00f3mo usa Google Analytics as cookies:&nbsp;<a href=\"https:\/\/developers.google.com\/analytics\/devguides\/collection\/analyticsjs\/cookie-usage?hl=es#analyticsjs\">https:\/\/developers.google.com\/analytics\/devguides\/collection\/analyticsjs\/cookie-usage?hl=es#analyticsjs<\/a><\/p>\n\n\n\n<p>ACTUALIZACI\u00d3NS\nE CAMBIOS NA POL\u00cdTICA DE PRIVACIDADE \/ COOKIES<\/p>\n\n\n\n<p>As p\u00e1xinas web de Club N\u00e1utico Cobres poden modificar esta Pol\u00edtica de Cookies en funci\u00f3n dos requisitos lexislativos, normativos ou para adaptar esta pol\u00edtica \u00e1s instruci\u00f3ns emitidas pola Axencia Espa\u00f1ola de Protecci\u00f3n de Datos. \u00c9 por iso que se recomenda aos usuarios que o visiten periodicamente.<\/p>\n\n\n\n<p>Cando haxa cambios significativos nesta Pol\u00edtica de cookies, estes ser\u00e1n\ncomunicados aos usuarios a trav\u00e9s da web ou a trav\u00e9s de correo electr\u00f3nico a\nusuarios rexistrados.<\/p>\n","protected":false},"excerpt":{"rendered":"<p>Nesta web util\u00edzanse cookies de terceiros e propias para conseguir que te\u00f1as unha mellor experiencia de navegaci\u00f3n, poidas compartir contido en redes sociais e para que podamos obter estat\u00edsticas dos usuarios. Podes evitar a descarga de cookies a trav\u00e9s da configuraci\u00f3n do teu navegador, evitando que as cookies almac\u00e9nense no seu dispositivo. Como propietario deste [&hellip;]<\/p>\n","protected":false},"author":1,"featured_media":0,"parent":0,"menu_order":0,"comment_status":"closed","ping_status":"closed","template":"","meta":{"footnotes":""},"class_list":["post-3543","page","type-page","status-publish","hentry"],"featured_image_src":null,"featured_image_src_square":null,"_links":{"self":[{"href":"https:\/\/www.nauticocobres.es\/index.php?rest_route=\/wp\/v2\/pages\/3543","targetHints":{"allow":["GET"]}}],"collection":[{"href":"https:\/\/www.nauticocobres.es\/index.php?rest_route=\/wp\/v2\/pages"}],"about":[{"href":"https:\/\/www.nauticocobres.es\/index.php?rest_route=\/wp\/v2\/types\/page"}],"author":[{"embeddable":true,"href":"https:\/\/www.nauticocobres.es\/index.php?rest_route=\/wp\/v2\/users\/1"}],"replies":[{"embeddable":true,"href":"https:\/\/www.nauticocobres.es\/index.php?rest_route=%2Fwp%2Fv2%2Fcomments&post=3543"}],"version-history":[{"count":1,"href":"https:\/\/www.nauticocobres.es\/index.php?rest_route=\/wp\/v2\/pages\/3543\/revisions"}],"predecessor-version":[{"id":3545,"href":"https:\/\/www.nauticocobres.es\/index.php?rest_route=\/wp\/v2\/pages\/3543\/revisions\/3545"}],"wp:attachment":[{"href":"https:\/\/www.nauticocobres.es\/index.php?rest_route=%2Fwp%2Fv2%2Fmedia&parent=3543"}],"curies":[{"name":"wp","href":"https:\/\/api.w.org\/{rel}","templated":true}]}}