{"id":3548,"date":"2019-11-06T23:44:56","date_gmt":"2019-11-06T22:44:56","guid":{"rendered":"https:\/\/www.nauticocobres.es\/?page_id=3548"},"modified":"2020-02-07T17:10:20","modified_gmt":"2020-02-07T16:10:20","slug":"politica-de-privacidade","status":"publish","type":"page","link":"https:\/\/www.nauticocobres.es\/?page_id=3548","title":{"rendered":"Pol\u00edtica de Privacidade"},"content":{"rendered":"\n<p>PRIVACIDADE<\/p>\n\n\n\n<p>RESPONSABLE \u2013\nQUEN \u00c9 O RESPONSABLE DO PROCESAMENTO DOS DATOS?<\/p>\n\n\n\n<p><strong>Identidade:<\/strong>&nbsp;Club N\u00e1utico\nCobres<br>\n<strong>Sede\nsocial:<\/strong>&nbsp;Puerto de Santa Cristina de Cobres- 36142 &#8211; Vilaboa<br>\n<strong>C.I.F.:<\/strong>&nbsp;G36048601<br>\n<strong>Tel\u00e9fono:<\/strong>&nbsp;610013133<br>\n<strong>Correo\nElectr\u00f3nico:<\/strong>&nbsp;cncobres@gmail.com<br>\n<strong>Contacto:<\/strong>&nbsp;Club N\u00e1utico\nCobres<br>\n<strong>Nome de\ndominio:<\/strong>&nbsp;https:\/\/www.nauticocobres.es<\/p>\n\n\n\n<p>FINALIDADES \u2013\nCON QUE FINALIDADES TRATAMOS OS TEUS DATOS?<\/p>\n\n\n\n<p>En cumprimento do disposto no Regulamento Europeo 2016\/679 Xeneral de\nProtecci\u00f3n de Datos, inform\u00e1mosche de que trataremos os datos que nos facilitas\npara:<\/p>\n\n\n\n<ul class=\"wp-block-list\"><li>Xestionar a contrataci\u00f3n de servizos que realice a trav\u00e9s da Plataforma,\nas\u00ed como a facturaci\u00f3n e entrega correspondente.<\/li><li>Remitir periodicamente comunicaci\u00f3ns sobre servizos, eventos e noticias\nrelacionadas coas actividades desenvoltas por Club N\u00e1utico Cobres, por calquera\nmedio (tel\u00e9fono, correo postal ou email), salvo que se indique o contrario ou o\nusuario op\u00f3\u00f1ase ou revogue o seu consentimento.<\/li><li>Remitir informaci\u00f3n comercial e \/ ou promocional relacionada co sector de\nservizos contratados e valor engadido para usuarios finais, salvo que se\nindique o contrario ou o usuario op\u00f3\u00f1ase ou revogue o seu consentimento.<\/li><li>Dar cumprimento \u00e1s obrigaci\u00f3ns legalmente establecidas, as\u00ed como verificar\no cumprimento das obrigaci\u00f3ns contractuais, inclu\u00eda a prevenci\u00f3n de fraude.<\/li><li>Cesi\u00f3n de datos a organismos e autoridades, a condici\u00f3n de que sexan\nrequiridos de conformidade coas disposici\u00f3ns legais e regulamentarias.<\/li><\/ul>\n\n\n\n<p>CATEGOR\u00cdAS DE\nDATOS \u2013 QU\u00c9 DATOS TRATAMOS?<\/p>\n\n\n\n<p>Derivada das finalidades antes mencionadas, en Club N\u00e1utico Cobres\nxestionamos as seguintes categor\u00edas de datos:<\/p>\n\n\n\n<ul class=\"wp-block-list\"><li>Datos identificativos<\/li><li>Metadatos de comunicaci\u00f3ns electr\u00f3nicas<\/li><li>Datos de informaci\u00f3n comercial. No caso de que o usuario facilite datos de\nterceiros, manifesta contar co consentimento destes e comprom\u00e9tese a\ntrasladarlle a informaci\u00f3n contida nesta cl\u00e1usula, eximindo a Club N\u00e1utico\nCobres de calquera responsabilidade neste sentido.<\/li><li>Con todo, Club N\u00e1utico Cobres poder\u00e1 levar a cabo as verificaci\u00f3ns para\nconstatar este feito, adoptando as medidas de dilixencia debida que\ncorrespondan, conforme \u00e1 normativa de protecci\u00f3n de datos.<\/li><\/ul>\n\n\n\n<p>LEXITIMACI\u00d3N \u2013\nCAL \u00c9 A LEXITIMACI\u00d3N PARA O TRATAMENTO DOS TEUS DATOS?<\/p>\n\n\n\n<p>O tratamento de datos cuxo fin \u00e9 o env\u00edo de bolet\u00edns peri\u00f3dicos (\nnewslettering) sobre servizos, eventos e noticias relacionadas coa nosa\nactividade profesional bas\u00e9ase no consentimento do interesado, solicitado\nexpresamente para levar a cabo devanditos tratamentos, de acordo coa normativa\nvixente.<br>\n<br>\nAdemais, a lexitimaci\u00f3n para o tratamento dos datos relacionados con ofertas ou\ncolaboraci\u00f3ns bas\u00e9anse no consentimento do usuario que remite os seus datos,\nque pode retirar en calquera momento, a\u00ednda que iso pode afectar \u00e1 posible\ncomunicaci\u00f3n de forma flu\u00edda e obstruci\u00f3n de procesos que desexa realizar.<br>\n<br>\nPor \u00faltimo, os datos poderanse utilizar para dar cumprimento \u00e1s obrigaci\u00f3ns\nlegais aplicables a Club N\u00e1utico Cobres<\/p>\n\n\n\n<p>PRAZO DE\nCONSERVACI\u00d3N DOS DATOS \u2013 POR CANTO TEMPO CONSERVAREMOS OS TEUS DATOS?<\/p>\n\n\n\n<p>Club N\u00e1utico Cobres conservar\u00e1 os datos persoais dos usuarios unicamente\ndurante o tempo necesario para a realizaci\u00f3n das finalidades para as que foron\nrecolleitos, mentres non revogue os consentimentos outorgados. Posteriormente,\nen caso de ser necesario, manter\u00e1 a informaci\u00f3n bloqueada durante os prazos\nlegalmente establecidos.<\/p>\n\n\n\n<p>DESTINATARIOS A\nQUE DESTINATARIOS COMUNICARANSE OS TEUS DATOS?<\/p>\n\n\n\n<p>Os teus datos poder\u00e1n ser accedidos por aqueles provedores que prestan\nservizos a Club N\u00e1utico Cobres, tales como servizos de aloxamento, ferramentas\nde m\u00e1rketing e sistemas de contido ou outros profesionais, cando dita\ncomunicaci\u00f3n sexa necesaria normativamente, ou para a execuci\u00f3n dos servizos\ncontratados.<br>\n<br>\nClub N\u00e1utico Cobres, subscribiu os correspondentes contratos de encarga de\ntratamento con cada un dos provedores que prestan servizos a Club N\u00e1utico\nCobres, co obxectivo de garantir que devanditos provedores tratar\u00e1n os teus\ndatos de conformidade co establecido na lexislaci\u00f3n vixente.<br>\n<br>\nTam\u00e9n poder\u00e1n ser cedidos \u00e1s Forzas e Corpos de Seguridade do Estado nos casos\nque exista unha obrigaci\u00f3n legal.<br>\n<br>\nBancos e entidades financeiras, para a cobranza dos servizos. Administraci\u00f3ns\np\u00fablicas con competencia nos sectores de actividade, cando as\u00ed o estableza a\nnormativa vixente.<\/p>\n\n\n\n<p>SEGURIDADE DA\nINFORMACI\u00d3N \u2013 QUE MEDIDAS DE SEGURIDADE IMPLANTAMOS PARA COIDAR OS SEUS DATOS?<\/p>\n\n\n\n<p>Para protexer as diferentes tipolox\u00edas de datos reflectidos nesta pol\u00edtica\nde privacidade levar\u00e1 a cabo as medidas de seguridade t\u00e9cnicas necesarias para\nevitar a s\u00faa perda, manipulaci\u00f3n, difusi\u00f3n ou alteraci\u00f3n.<\/p>\n\n\n\n<ul class=\"wp-block-list\"><li>Encriptaci\u00f3n das comunicaci\u00f3ns entre o dispositivo do usuario e os\nservidores de Club N\u00e1utico Cobres<\/li><li>Encriptaci\u00f3n da informaci\u00f3n nos propios servidores de Club N\u00e1utico Cobres<\/li><li>Outras medidas que eviten o acceso aos datos do usuario por parte de\nterceiros .<\/li><li>Naqueles casos nos que Club N\u00e1utico Cobres conte con prestadores de servizo\npara o mantemento da plataforma que se atopen fose da Uni\u00f3n Europea, estas\ntrasferencias internacionais se haxan regularizadas atendendo ao compromiso de Club\nN\u00e1utico Cobres coa protecci\u00f3n, integridade e seguridade dos datos persoais dos\nusuarios.<\/li><\/ul>\n\n\n\n<p>DEREITOS \u2013\nCALES SON OS TEUS DEREITOS CANDO NOS FACILITAS OS TEUS DATOS E COMO PODES\nEXERCELOS?<\/p>\n\n\n\n<p>Tes dereito a obter confirmaci\u00f3n sobre se en Club N\u00e1utico Cobres estamos a\ntratar datos persoais que che conciernan, ou non.<br>\nAs\u00ed mesmo, tes dereito a acceder aos teus datos persoais, as\u00ed como a solicitar\na rectificaci\u00f3n dos datos inexactos ou, no seu caso, solicitar a s\u00faa supresi\u00f3n\ncando, entre outros motivos, os datos xa non sexan necesarios para os fins que\nforon recollidos.<br>\n<br>\nEn determinadas circunstancias, poder\u00e1s solicitar a limitaci\u00f3n do tratamento\ndos teus datos, nese caso unicamente conservar\u00e9molos para o exercicio ou a\ndefensa de reclamaci\u00f3ns.<br>\nEn determinadas circunstancias e por motivos relacionados coa t\u00faa situaci\u00f3n\nparticular, poder\u00e1s opo\u00f1erche ao tratamento dos teus datos. Club N\u00e1utico Cobres\ndeixar\u00e1 de tratar os datos, salvo por motivos lex\u00edtimos imperiosos, ou o\nexercicio ou a defensa de posibles reclamaci\u00f3ns.<br>\n<br>\nAs\u00ed mesmo, podes exercer o dereito \u00e1 portabilidad dos datos, as\u00ed como retirar\nos consentimentos facilitados en calquera momento, sen que iso afecte \u00e1 licitud\ndo tratamento baseado no consentimento previo \u00e1 s\u00faa retirada.<br>\n<br>\nSe desexas facer uso de calquera dos teus dereitos pode dirixirse a &nbsp;<a href=\"mailto:cncobres@gmail.com\">cncobres@gmail.com<\/a> .&nbsp;<br>\n<br>\nPor \u00faltimo, inform\u00e1mosche que podes dirixirche #ante a Axencia Espa\u00f1ola de\nProtecci\u00f3n de Datos e demais organismos p\u00fablicos competentes para calquera\nreclamaci\u00f3n derivada do tratamento dos teus datos persoais.<\/p>\n\n\n\n<p>MODIFICACI\u00d3N DA\nPOL\u00cdTICA DE PRIVACIDADE<\/p>\n\n\n\n<p>Club N\u00e1utico Cobres poder\u00e1 modificar a presente Pol\u00edtica de Privacidade en\ncalquera momento, sendo publicadas as sucesivas versi\u00f3ns no Sitio web. En\ncalquera caso, Club N\u00e1utico Cobres comunicar\u00e1 con aviso previo\/previo aviso as\nmodificaci\u00f3ns da presente pol\u00edtica que afecten os usuarios #a fin de que poidan\naceptar as mesmas.<br>\n<br>\nA presente Pol\u00edtica de Privacidade at\u00f3pase actualizada a data 27\/12\/2018 Club\nN\u00e1utico Cobres (Espa\u00f1a). Reservados todos os dereitos.<br>\n<br>\nSe o desexas tam\u00e9n podes consultar a nosa &nbsp;<strong><a href=\"https:\/\/www.nauticocobres.es\/cookies\/\">Pol\u00edtica\nde Cookies<\/a><\/strong><\/p>\n","protected":false},"excerpt":{"rendered":"<p>PRIVACIDADE RESPONSABLE \u2013 QUEN \u00c9 O RESPONSABLE DO PROCESAMENTO DOS DATOS? Identidade:&nbsp;Club N\u00e1utico Cobres Sede social:&nbsp;Puerto de Santa Cristina de Cobres- 36142 &#8211; Vilaboa C.I.F.:&nbsp;G36048601 Tel\u00e9fono:&nbsp;610013133 Correo Electr\u00f3nico:&nbsp;cncobres@gmail.com Contacto:&nbsp;Club N\u00e1utico Cobres Nome de dominio:&nbsp;https:\/\/www.nauticocobres.es FINALIDADES \u2013 CON QUE FINALIDADES TRATAMOS OS TEUS DATOS? En cumprimento do disposto no Regulamento Europeo 2016\/679 Xeneral de Protecci\u00f3n de [&hellip;]<\/p>\n","protected":false},"author":1,"featured_media":0,"parent":0,"menu_order":0,"comment_status":"closed","ping_status":"closed","template":"","meta":{"footnotes":""},"class_list":["post-3548","page","type-page","status-publish","hentry"],"featured_image_src":null,"featured_image_src_square":null,"_links":{"self":[{"href":"https:\/\/www.nauticocobres.es\/index.php?rest_route=\/wp\/v2\/pages\/3548","targetHints":{"allow":["GET"]}}],"collection":[{"href":"https:\/\/www.nauticocobres.es\/index.php?rest_route=\/wp\/v2\/pages"}],"about":[{"href":"https:\/\/www.nauticocobres.es\/index.php?rest_route=\/wp\/v2\/types\/page"}],"author":[{"embeddable":true,"href":"https:\/\/www.nauticocobres.es\/index.php?rest_route=\/wp\/v2\/users\/1"}],"replies":[{"embeddable":true,"href":"https:\/\/www.nauticocobres.es\/index.php?rest_route=%2Fwp%2Fv2%2Fcomments&post=3548"}],"version-history":[{"count":1,"href":"https:\/\/www.nauticocobres.es\/index.php?rest_route=\/wp\/v2\/pages\/3548\/revisions"}],"predecessor-version":[{"id":3549,"href":"https:\/\/www.nauticocobres.es\/index.php?rest_route=\/wp\/v2\/pages\/3548\/revisions\/3549"}],"wp:attachment":[{"href":"https:\/\/www.nauticocobres.es\/index.php?rest_route=%2Fwp%2Fv2%2Fmedia&parent=3548"}],"curies":[{"name":"wp","href":"https:\/\/api.w.org\/{rel}","templated":true}]}}